{"id":5771,"date":"2023-02-28T14:45:31","date_gmt":"2023-02-28T13:45:31","guid":{"rendered":"https:\/\/zaeg.teledetection.fr\/?page_id=5771"},"modified":"2023-02-28T15:16:27","modified_gmt":"2023-02-28T14:16:27","slug":"sources","status":"publish","type":"page","link":"https:\/\/zaeg.teledetection.fr\/?page_id=5771","title":{"rendered":"Sources bibliographiques et de donn\u00e9es"},"content":{"rendered":"<div data-colibri-id=\"5771-c1\" class=\"style-3433 style-local-5771-c1 position-relative\">\r\n  <!---->\r\n  <div data-colibri-component=\"section\" data-colibri-id=\"5771-c2\" id=\"custom\" class=\"h-section h-section-global-spacing d-flex align-items-lg-center align-items-md-center align-items-center style-3434 style-local-5771-c2 position-relative\">\r\n    <!---->\r\n    <!---->\r\n    <div class=\"h-section-grid-container h-section-boxed-container\">\r\n      <div data-colibri-id=\"5771-c7\" class=\"h-row-container gutters-row-lg-2 gutters-row-md-2 gutters-row-0 gutters-row-v-lg-2 gutters-row-v-md-2 gutters-row-v-2 style-3439 style-local-5771-c7 position-relative\">\r\n        <!---->\r\n        <div class=\"h-row justify-content-lg-center justify-content-md-center justify-content-center align-items-lg-stretch align-items-md-stretch align-items-stretch gutters-col-lg-2 gutters-col-md-2 gutters-col-0 gutters-col-v-lg-2 gutters-col-v-md-2 gutters-col-v-2\">\r\n          <!---->\r\n          <div class=\"h-column h-column-container d-flex h-col-lg-auto h-col-md-auto h-col-auto style-3440-outer style-local-5771-c8-outer\">\r\n            <div data-colibri-id=\"5771-c8\" class=\"d-flex h-flex-basis h-column__inner h-px-lg-2 h-px-md-2 h-px-2 v-inner-lg-2 v-inner-md-2 v-inner-2 style-3440 style-local-5771-c8 position-relative\">\r\n              <!---->\r\n              <!---->\r\n              <div class=\"w-100 h-y-container h-column__content h-column__v-align flex-basis-100 align-self-lg-start align-self-md-start align-self-start\">\r\n                <!---->\r\n                <div data-colibri-id=\"5771-c9\" class=\"h-global-transition-all h-heading style-3441 style-local-5771-c9 position-relative h-element\">\r\n                  <!---->\r\n                  <div class=\"h-heading__outer style-3441 style-local-5771-c9\">\r\n                    <!---->\r\n                    <!---->\r\n                    <h1 class=\"\">Sources bibliographiques &amp; de donn\u00e9es<\/h1>\r\n                  <\/div>\r\n                <\/div>\r\n              <\/div>\r\n            <\/div>\r\n          <\/div>\r\n        <\/div>\r\n      <\/div>\r\n      <div data-colibri-id=\"5771-c3\" class=\"h-row-container gutters-row-lg-2 gutters-row-md-2 gutters-row-0 gutters-row-v-lg-2 gutters-row-v-md-2 gutters-row-v-2 style-3435 style-local-5771-c3 position-relative\">\r\n        <!---->\r\n        <div class=\"h-row justify-content-lg-center justify-content-md-center justify-content-center align-items-lg-stretch align-items-md-stretch align-items-stretch gutters-col-lg-2 gutters-col-md-2 gutters-col-0 gutters-col-v-lg-2 gutters-col-v-md-2 gutters-col-v-2\">\r\n          <!---->\r\n          <div class=\"h-column h-column-container d-flex h-col-lg-auto h-col-md-auto h-col-auto style-3436-outer style-local-5771-c4-outer\">\r\n            <div data-colibri-id=\"5771-c4\" class=\"d-flex h-flex-basis h-column__inner h-px-lg-2 h-px-md-2 h-px-2 v-inner-lg-2 v-inner-md-2 v-inner-2 style-3436 style-local-5771-c4 position-relative\">\r\n              <!---->\r\n              <!---->\r\n              <div class=\"w-100 h-y-container h-column__content h-column__v-align flex-basis-100 align-self-lg-start align-self-md-start align-self-start\">\r\n                <!---->\r\n                <div data-colibri-id=\"5771-c11\" class=\"h-global-transition-all h-heading style-3443 style-local-5771-c11 position-relative h-element\">\r\n                  <!---->\r\n                  <div class=\"h-heading__outer style-3443 style-local-5771-c11\">\r\n                    <!---->\r\n                    <!---->\r\n                    <h4 class=\"\">Sources bibliographiques<\/h4>\r\n                  <\/div>\r\n                <\/div>\r\n                <div data-colibri-id=\"5771-c15\" class=\"h-text h-text-component style-3447 style-local-5771-c15 position-relative h-element\">\r\n                  <!---->\r\n                  <!---->\r\n                  <div class=\"\">\r\n                    <p>Aubreville A., Janvier-F\u00e9vrier 1957. Accord \u00e0 Yangambi sur la nomenclature des types Africains de v\u00e9g\u00e9tation. Revue Bois et for\u00eats Tropiques, N\u00b0 51.<\/p>\r\n                    <p>Batidzirai, B., Smeets, E.M.W., Faaij, A.P.C., 2012. Harmonising bioenergy resource potentials\u2014Methodological lessons from review of state of the art bioenergy potential assessments. Renewable and Sustainable Energy Reviews 16, 6598\u20136630.&nbsp;\r\n                      <a\r\n                        href=\"https:\/\/doi.org\/10.1016\/j.rser.2012.09.002\" style=\"font-family: Open Sans; font-weight: 400; font-size: 1em; color: rgb(3, 169, 244);\" class=\"customize-unpreviewable\">https:\/\/doi.org\/10.1016\/j.rser.2012.09.002<\/a>\r\n                    <\/p>\r\n                    <p>FAO 1996. Agroecological Zoning Guidelines, FAO Soils Bulletin 76, FAO.<\/p>\r\n                    <p>Heymann Y., Bossard M et al. 1994. CORINE Land Cover: Technical Guide. Editors Office for Official Publ. of the Eur. Communities, 144p.<\/p>\r\n                    <p>Jaffrain G. 2016. Corine land cover Outside of Europe in. European Landscape Dynamics: Corine Land Cover Data. editors CRC Press, 263-274.<\/p>\r\n                    <p>Jaffrain G., Leroux A., et al. 2021. Suivi de la dynamique de l\u2019occupation du sol en Guinee par imagerie satellitaire SPOT. Revue Fran\u00e7aise de Photogramm\u00e9trie et T\u00e9l\u00e9d\u00e9tection, Volume 223, num\u00e9ro Sp\u00e9cial Afrique.<\/p>\r\n                    <p>Liebig&nbsp;J. 1840.&nbsp;\u00ab&nbsp;Organic chemistry and its application to agriculture&nbsp;and physiology&nbsp;\u00bb. London : Lyon Playfair.<\/p>\r\n                  <\/div>\r\n                <\/div>\r\n              <\/div>\r\n            <\/div>\r\n          <\/div>\r\n          <div class=\"h-column h-column-container d-flex h-col-lg-auto h-col-md-auto h-col-auto style-3437-outer style-local-5771-c5-outer\">\r\n            <div data-colibri-id=\"5771-c5\" class=\"d-flex h-flex-basis h-column__inner h-px-lg-2 h-px-md-2 h-px-2 v-inner-lg-2 v-inner-md-2 v-inner-2 style-3437 style-local-5771-c5 position-relative\">\r\n              <!---->\r\n              <!---->\r\n              <div class=\"w-100 h-y-container h-column__content h-column__v-align flex-basis-100 align-self-lg-start align-self-md-start align-self-start\">\r\n                <!---->\r\n                <div data-colibri-id=\"5771-c12\" class=\"h-global-transition-all h-heading style-3444 style-local-5771-c12 position-relative h-element\">\r\n                  <!---->\r\n                  <div class=\"h-heading__outer style-3444 style-local-5771-c12\">\r\n                    <!---->\r\n                    <!---->\r\n                    <h4 class=\"\">Sources de donn\u00e9es<\/h4>\r\n                  <\/div>\r\n                <\/div>\r\n                <div data-colibri-id=\"5771-c18\" class=\"h-text h-text-component style-3450 style-local-5771-c18 position-relative h-element\">\r\n                  <!---->\r\n                  <!---->\r\n                  <div class=\"\">\r\n                    <p>Boulvert, Yves. 2003. Cartes morpho-p\u00e9dologique de la R\u00e9publique de Guin\u00e9e \u00e0 1\/500 000. Notice Explicative 100. ORSTOM.<\/p>\r\n                    <p>Fick, S.E. &amp; R.J. Hijmans (2017). WorldClim 2: New 1km spatial resolution climate surfaces for global land areas. International Journal of Climatology, 37: 4302-4315.<\/p>\r\n                    <p>Hengl T, de Jesus JM, MacMillan RA, Batjes NH, Heuvelink GBM, Ribeiro E, et al. (2014) SoilGrids 1km \u2014 Global Soil Information Based on Automated Mapping.<\/p>\r\n                    <p>NASA Shuttle Radar Topography Mission (SRTM)(2013). Shuttle Radar Topography Mission (SRTM) Global. Distributed by OpenTopography.&nbsp;\r\n                      <a href=\"https:\/\/doi.org\/10.5069\/G9445JDF\" class=\"customize-unpreviewable\">https:\/\/doi.org\/10.5069\/G9445JDF<\/a>&nbsp;.<\/p>\r\n                    <p>OSFACO 2019. Pivot 2015 SPOT 6\/7 Couverture nationale Guin\u00e9e,&nbsp;\r\n                      <a href=\"http:\/\/www.osfaco.org\" class=\"customize-unpreviewable\">www.osfaco.org<\/a>&nbsp;.<\/p>\r\n                    <p>USGS \u2013 Gtopo30. 1996. Global Topographic Data for 30-arc second.<\/p>\r\n                    <p>UNEP-WCMC and IUCN 2019 Protected Planet: The World Database on Protected Areas (WDPA), Cambridge, UK : UNEP-WCMC and IUCN.<\/p>\r\n                    <p>Copernicus Sentinel 2 data 2020. Retrieved from Copernicus SciHub 2021, processed by ESA,&nbsp;\r\n                      <a href=\"https:\/\/scihub.copernicus.eu\" class=\"customize-unpreviewable\">https:\/\/scihub.copernicus.eu\/<\/a>\r\n                    <\/p>\r\n                    <p>Spot World Heritage 2005, CNES,&nbsp;\r\n                      <a href=\"https:\/\/spot.cnes.fr\/fr\/spot-world-heritage\" class=\"customize-unpreviewable\">https:\/\/spot.cnes.fr\/fr\/spot-world-heritage<\/a>\r\n                    <\/p>\r\n                  <\/div>\r\n                <\/div>\r\n              <\/div>\r\n            <\/div>\r\n          <\/div>\r\n          <div class=\"h-column h-column-container d-flex h-col-lg-auto h-col-md-auto h-col-auto style-3438-outer style-local-5771-c6-outer\">\r\n            <div data-colibri-id=\"5771-c6\" class=\"d-flex h-flex-basis h-column__inner h-px-lg-2 h-px-md-2 h-px-2 v-inner-lg-2 v-inner-md-2 v-inner-2 style-3438 style-local-5771-c6 position-relative\">\r\n              <!---->\r\n              <!---->\r\n              <div class=\"w-100 h-y-container h-column__content h-column__v-align flex-basis-100 align-self-lg-start align-self-md-start align-self-start\">\r\n                <!---->\r\n                <div data-colibri-id=\"5771-c13\" class=\"h-global-transition-all h-heading style-3445 style-local-5771-c13 position-relative h-element\">\r\n                  <!---->\r\n                  <div class=\"h-heading__outer style-3445 style-local-5771-c13\">\r\n                    <!---->\r\n                    <!---->\r\n                    <h4 class=\"\">Cr\u00e9dits photographiques<\/h4>\r\n                  <\/div>\r\n                <\/div>\r\n                <div data-colibri-id=\"5771-c17\" class=\"h-text h-text-component style-3449 style-local-5771-c17 position-relative h-element\">\r\n                  <!---->\r\n                  <!---->\r\n                  <div class=\"\">\r\n                    <p>\u00a9 Arthur Leroux \u2013 IGN FI<\/p>\r\n                    <p>Images SPOT 5 \u00a9 CNES 2005<\/p>\r\n                    <p>SPOT 6\/7 \u00a9 CNES 2015, Distribution Airbus DS<\/p>\r\n                    <p>Image Sentinel 2 \u00a9 ESA 2018<\/p>\r\n                    <p>\u00a9 Laurent Gazull \u2013 Cirad<\/p>\r\n                  <\/div>\r\n                <\/div>\r\n              <\/div>\r\n            <\/div>\r\n          <\/div>\r\n        <\/div>\r\n      <\/div>\r\n    <\/div>\r\n  <\/div>\r\n<\/div>","protected":false},"excerpt":{"rendered":"<p>Sources bibliographiques &amp; de donn\u00e9es Sources bibliographiques Aubreville A., Janvier-F\u00e9vrier 1957. Accord \u00e0 Yangambi sur la nomenclature des types Africains de v\u00e9g\u00e9tation. Revue Bois et for\u00eats Tropiques, N\u00b0 51. Batidzirai, B., Smeets, E.M.W., Faaij, A.P.C., 2012. Harmonising bioenergy resource potentials\u2014Methodological lessons from review of state of the art bioenergy potential assessments. Renewable and Sustainable Energy [&hellip;]<\/p>\n","protected":false},"author":2,"featured_media":0,"parent":0,"menu_order":0,"comment_status":"closed","ping_status":"closed","template":"page-templates\/full-width-page.php","meta":{"footnotes":""},"class_list":["post-5771","page","type-page","status-publish","hentry"],"_links":{"self":[{"href":"https:\/\/zaeg.teledetection.fr\/index.php?rest_route=\/wp\/v2\/pages\/5771","targetHints":{"allow":["GET"]}}],"collection":[{"href":"https:\/\/zaeg.teledetection.fr\/index.php?rest_route=\/wp\/v2\/pages"}],"about":[{"href":"https:\/\/zaeg.teledetection.fr\/index.php?rest_route=\/wp\/v2\/types\/page"}],"author":[{"embeddable":true,"href":"https:\/\/zaeg.teledetection.fr\/index.php?rest_route=\/wp\/v2\/users\/2"}],"replies":[{"embeddable":true,"href":"https:\/\/zaeg.teledetection.fr\/index.php?rest_route=%2Fwp%2Fv2%2Fcomments&post=5771"}],"version-history":[{"count":4,"href":"https:\/\/zaeg.teledetection.fr\/index.php?rest_route=\/wp\/v2\/pages\/5771\/revisions"}],"predecessor-version":[{"id":5783,"href":"https:\/\/zaeg.teledetection.fr\/index.php?rest_route=\/wp\/v2\/pages\/5771\/revisions\/5783"}],"wp:attachment":[{"href":"https:\/\/zaeg.teledetection.fr\/index.php?rest_route=%2Fwp%2Fv2%2Fmedia&parent=5771"}],"curies":[{"name":"wp","href":"https:\/\/api.w.org\/{rel}","templated":true}]}}