{"id":5,"date":"2019-03-06T11:56:40","date_gmt":"2019-03-06T11:56:40","guid":{"rendered":"https:\/\/colibriwp-work.colibriwp.com\/business-ii\/colibri-wp\/"},"modified":"2023-08-18T15:22:49","modified_gmt":"2023-08-18T13:22:49","slug":"colibri-wp","status":"publish","type":"page","link":"https:\/\/zaeg.teledetection.fr\/","title":{"rendered":"Front Page"},"content":{"rendered":"<div data-colibri-id=\"5-c1\" class=\"style-395 style-local-5-c1 position-relative\">\r\n  <!---->\r\n  <div data-colibri-component=\"section\" data-colibri-id=\"5-c2\" id=\"custom\" class=\"h-section h-section-global-spacing d-flex align-items-lg-center align-items-md-center align-items-center style-411 style-local-5-c2 position-relative\">\r\n    <!---->\r\n    <!---->\r\n    <div class=\"h-section-grid-container h-section-boxed-container\">\r\n      <!---->\r\n      <div data-colibri-id=\"5-c3\" class=\"h-row-container gutters-row-lg-2 gutters-row-md-2 gutters-row-0 gutters-row-v-lg-2 gutters-row-v-md-2 gutters-row-v-2 style-412 style-local-5-c3 position-relative\">\r\n        <!---->\r\n        <div class=\"h-row justify-content-lg-center justify-content-md-center justify-content-center align-items-lg-stretch align-items-md-stretch align-items-stretch gutters-col-lg-2 gutters-col-md-2 gutters-col-0 gutters-col-v-lg-2 gutters-col-v-md-2 gutters-col-v-2\">\r\n          <!---->\r\n          <div class=\"h-column h-column-container d-flex h-col-lg-auto h-col-md-auto h-col-auto style-413-outer style-local-5-c4-outer\">\r\n            <div data-colibri-id=\"5-c4\" class=\"d-flex h-flex-basis h-column__inner h-px-lg-2 h-px-md-2 h-px-2 v-inner-lg-2 v-inner-md-2 v-inner-2 style-413 style-local-5-c4 position-relative\">\r\n              <!---->\r\n              <!---->\r\n              <div class=\"w-100 h-y-container h-column__content h-column__v-align flex-basis-100 align-self-lg-center align-self-md-center align-self-center\">\r\n                <!---->\r\n                <div data-colibri-id=\"5-c5\" class=\"h-global-transition-all h-heading style-415 style-local-5-c5 position-relative h-element\">\r\n                  <!---->\r\n                  <div class=\"h-heading__outer style-415 style-local-5-c5\">\r\n                    <!---->\r\n                    <!---->\r\n                    <h5 class=\"\">Le Projet de Zonage Agro-Ecologique<\/h5>\r\n                  <\/div>\r\n                <\/div>\r\n                <div data-colibri-id=\"5-c6\" class=\"h-text h-text-component style-417 style-local-5-c6 position-relative h-element\">\r\n                  <!---->\r\n                  <!---->\r\n                  <div class=\"\">\r\n                    <p>Cet atlas a \u00e9t\u00e9 r\u00e9alis\u00e9 dans le cadre du projet de \u00ab&nbsp;zonage agro\u00e9cologique de la r\u00e9publique de Guin\u00e9e&nbsp;\u00bb (ZAEG). Financ\u00e9 par l\u2019Agence Fran\u00e7aise de D\u00e9veloppement (AFD), pilot\u00e9 par le Minist\u00e8re de l\u2019Agriculture guin\u00e9en et r\u00e9alis\u00e9\r\n                      par le groupement ING FI \/ Cirad, le projet ZAEG avait pour objectif d\u2019identifier et de quantifier les zones agricoles actuelles (2020), de r\u00e9aliser une cartographie de l\u2019occupation des terres et de sa dynamique sur une p\u00e9riode de\r\n                      15 ans (2005-2020) et au final d\u2019\u00e9valuer les surfaces disponibles pour l\u2019agriculture.<\/p>\r\n                    <p>La connaissance de la dynamique de l\u2019occupation des terres, et des conditions agro-\u00e9cologiques propices \u00e0 l\u2019agriculture sont deux pr\u00e9alables pour initier et mettre en \u0153uvre des actions de planification agricole et plus g\u00e9n\u00e9ralement\r\n                      d\u2019utilisation des terres n\u00e9cessaires au d\u00e9veloppement du pays. Ainsi la base de donn\u00e9es cartographique constitu\u00e9e repr\u00e9sente une ressource pr\u00e9cieuse pour tous les acteurs de R\u00e9publique de Guin\u00e9e.\r\n                      <br>\r\n                    <\/p>\r\n                  <\/div>\r\n                <\/div>\r\n                <div data-colibri-id=\"5-c7\" class=\"h-x-container style-1323 style-local-5-c7 position-relative h-element\">\r\n                  <!---->\r\n                  <div class=\"h-x-container-inner style-dynamic-5-c7-group style-1323-spacing style-local-5-c7-spacing\"><span class=\"h-button__outer style-1324-outer style-local-5-c8-outer d-inline-flex h-element\"><a h-use-smooth-scroll=\"true\" href=\"https:\/\/zaeg.teledetection.fr\/?page_id=2327\" target=\"_blank\" data-colibri-id=\"5-c8\" class=\"d-flex w-100 align-items-center h-button justify-content-lg-center justify-content-md-center justify-content-center style-1324 style-local-5-c8 position-relative\" rel=\"noopener\"><!----><!----> <span>LIRE PLUS<\/span><\/a>\r\n                    <\/span>\r\n                  <\/div>\r\n                <\/div>\r\n              <\/div>\r\n            <\/div>\r\n          <\/div>\r\n          <div class=\"h-column h-column-container d-flex h-col-lg-auto h-col-md-auto h-col-auto style-414-outer style-local-5-c9-outer\">\r\n            <div data-colibri-id=\"5-c9\" class=\"d-flex h-flex-basis h-column__inner h-px-lg-2 h-px-md-2 h-px-2 v-inner-lg-2 v-inner-md-2 v-inner-2 style-414 style-local-5-c9 position-relative\">\r\n              <!---->\r\n              <!---->\r\n              <div class=\"w-100 h-y-container h-column__content h-column__v-align flex-basis-100 align-self-lg-center align-self-md-center align-self-center\">\r\n                <!---->\r\n                <div data-colibri-id=\"5-c10\" class=\"d-block style-420 style-local-5-c10 position-relative h-element\">\r\n                  <!---->\r\n                  <div class=\"h-image__frame-container-outer\">\r\n                    <div class=\"h-image__frame-container\">\r\n                      <!---->\r\n                      <!---->\r\n                      <img loading=\"lazy\" decoding=\"async\" width=\"1556\" height=\"1100\" src=\"https:\/\/atlas-guinee-conakry.teledetection.fr\/wp-content\/uploads\/2022\/09\/cropped-cropped-cropped-ocsol_guinee-2.jpg\" class=\"wp-image-1538 style-420-image style-local-5-c10-image\" alt=\"\" srcset=\"https:\/\/zaeg.teledetection.fr\/wp-content\/uploads\/2022\/09\/cropped-cropped-cropped-ocsol_guinee-2.jpg 1556w, https:\/\/zaeg.teledetection.fr\/wp-content\/uploads\/2022\/09\/cropped-cropped-cropped-ocsol_guinee-2-300x212.jpg 300w, https:\/\/zaeg.teledetection.fr\/wp-content\/uploads\/2022\/09\/cropped-cropped-cropped-ocsol_guinee-2-1024x724.jpg 1024w, https:\/\/zaeg.teledetection.fr\/wp-content\/uploads\/2022\/09\/cropped-cropped-cropped-ocsol_guinee-2-768x543.jpg 768w, https:\/\/zaeg.teledetection.fr\/wp-content\/uploads\/2022\/09\/cropped-cropped-cropped-ocsol_guinee-2-1536x1086.jpg 1536w\" sizes=\"auto, (max-width: 1556px) 100vw, 1556px\" \/>\r\n                      <div class=\"h-image__frame h-hide-lg h-hide-md h-hide-sm style-420-frameImage style-local-5-c10-frameImage\"><\/div>\r\n                    <\/div>\r\n                  <\/div>\r\n                <\/div>\r\n              <\/div>\r\n            <\/div>\r\n          <\/div>\r\n        <\/div>\r\n      <\/div>\r\n    <\/div>\r\n  <\/div>\r\n  <div data-colibri-component=\"section\" data-colibri-id=\"5-c11\" id=\"content\" class=\"h-section h-section-global-spacing d-flex align-items-lg-center align-items-md-center align-items-center style-421 style-local-5-c11 position-relative\">\r\n    <!---->\r\n    <!---->\r\n    <div class=\"h-section-grid-container h-section-boxed-container\">\r\n      <!---->\r\n      <div data-colibri-id=\"5-c12\" class=\"h-row-container gutters-row-lg-2 gutters-row-md-2 gutters-row-2 gutters-row-v-lg-2 gutters-row-v-md-2 gutters-row-v-2 style-422 style-local-5-c12 position-relative\">\r\n        <!---->\r\n        <div class=\"h-row justify-content-lg-center justify-content-md-center justify-content-center align-items-lg-stretch align-items-md-stretch align-items-stretch gutters-col-lg-2 gutters-col-md-2 gutters-col-2 gutters-col-v-lg-2 gutters-col-v-md-2 gutters-col-v-2\">\r\n          <!---->\r\n          <div class=\"h-column h-column-container d-flex h-col-lg-auto h-col-md-auto h-col-auto style-423-outer style-local-5-c13-outer\">\r\n            <div data-colibri-id=\"5-c13\" class=\"d-flex h-flex-basis h-column__inner h-px-lg-0 h-px-md-0 h-px-0 v-inner-lg-0 v-inner-md-0 v-inner-0 style-423 style-local-5-c13 position-relative\">\r\n              <!---->\r\n              <!---->\r\n              <div class=\"w-100 h-y-container h-column__content h-column__v-align flex-basis-100 align-self-lg-center align-self-md-center align-self-center\">\r\n                <!---->\r\n                <div data-colibri-id=\"5-c14\" class=\"d-block style-424 style-local-5-c14 position-relative h-element\">\r\n                  <!---->\r\n                  <div class=\"h-image__frame-container-outer\">\r\n                    <div class=\"h-image__frame-container\">\r\n                      <!---->\r\n                      <!---->\r\n                      <img loading=\"lazy\" decoding=\"async\" width=\"1338\" height=\"677\" src=\"https:\/\/zaeg.teledetection.fr\/wp-content\/uploads\/2022\/11\/classes_aptitudes.png\" class=\"wp-image-2584 style-424-image style-local-5-c14-image\" alt=\"Classes d&#039;aptitudes\" srcset=\"https:\/\/zaeg.teledetection.fr\/wp-content\/uploads\/2022\/11\/classes_aptitudes.png 1338w, https:\/\/zaeg.teledetection.fr\/wp-content\/uploads\/2022\/11\/classes_aptitudes-300x152.png 300w, https:\/\/zaeg.teledetection.fr\/wp-content\/uploads\/2022\/11\/classes_aptitudes-1024x518.png 1024w, https:\/\/zaeg.teledetection.fr\/wp-content\/uploads\/2022\/11\/classes_aptitudes-768x389.png 768w\" sizes=\"auto, (max-width: 1338px) 100vw, 1338px\" \/>\r\n                      <div class=\"h-image__frame h-image__frame_shadow h-hide-lg h-hide-md h-hide-sm style-424-frameImage style-local-5-c14-frameImage\"><\/div>\r\n                    <\/div>\r\n                  <\/div>\r\n                <\/div>\r\n              <\/div>\r\n            <\/div>\r\n          <\/div>\r\n          <div class=\"h-column h-column-container d-flex h-col-lg-auto h-col-md-auto h-col-auto style-425-outer style-local-5-c15-outer\">\r\n            <div data-colibri-id=\"5-c15\" class=\"d-flex h-flex-basis h-column__inner h-px-lg-0 h-px-md-0 h-px-1 v-inner-lg-0 v-inner-md-0 v-inner-1 style-425 style-local-5-c15 position-relative\">\r\n              <!---->\r\n              <!---->\r\n              <div class=\"w-100 h-y-container h-column__content h-column__v-align flex-basis-100 align-self-lg-center align-self-md-center align-self-center\">\r\n                <!---->\r\n                <div data-colibri-id=\"5-c16\" class=\"h-global-transition-all h-heading style-446 style-local-5-c16 position-relative h-element\">\r\n                  <!---->\r\n                  <div class=\"h-heading__outer style-446 style-local-5-c16\">\r\n                    <!---->\r\n                    <!---->\r\n                    <h5 class=\"\">Les r\u00e9sultats cl\u00e9s<\/h5>\r\n                  <\/div>\r\n                <\/div>\r\n                <div data-colibri-id=\"5-c17\" class=\"h-text h-text-component style-427 style-local-5-c17 position-relative h-element\">\r\n                  <!---->\r\n                  <!---->\r\n                  <div class=\"\">\r\n                    <p>La surface globale des terres potentiellement aptes \u00e0 l\u2019agriculture en Guin\u00e9e s\u2019\u00e9l\u00e8ve en 2020 \u00e0 environ 15 millions d\u2019hectares (dont 9 millions avec des aptitudes moyennes \u00e0 fortes), soit 62 % du territoire national. 5.3 millions d\u2019hectares\r\n                      sont d\u00e9j\u00e0 cultiv\u00e9s selon des degr\u00e9s d\u2019intensit\u00e9 culturale tr\u00e8s divers. En plus des zones actuellement cultiv\u00e9es, pr\u00e8s de 10 millions d\u2019hectares seraient donc aptes \u00e0 une production agricole, en l\u2019absence de tout autre usage.<\/p>\r\n                  <\/div>\r\n                <\/div>\r\n                <div data-colibri-id=\"5-c18\" class=\"h-x-container style-428 style-local-5-c18 position-relative h-element\">\r\n                  <!---->\r\n                  <div class=\"h-x-container-inner style-dynamic-5-c18-group style-428-spacing style-local-5-c18-spacing\"><span class=\"h-button__outer style-429-outer style-local-5-c19-outer d-inline-flex h-element\"><a h-use-smooth-scroll=\"true\" href=\"https:\/\/zaeg.teledetection.fr\/?page_id=5339\" target=\"_blank\" data-colibri-id=\"5-c19\" class=\"d-flex w-100 align-items-center h-button justify-content-lg-center justify-content-md-center justify-content-center style-429 style-local-5-c19 position-relative\" rel=\"noopener\"><!----><!----> <span>Lire plus<\/span><\/a>\r\n                    <\/span>\r\n                  <\/div>\r\n                <\/div>\r\n              <\/div>\r\n            <\/div>\r\n          <\/div>\r\n        <\/div>\r\n      <\/div>\r\n    <\/div>\r\n  <\/div>\r\n<\/div>","protected":false},"excerpt":{"rendered":"<p>Le Projet de Zonage Agro-Ecologique Cet atlas a \u00e9t\u00e9 r\u00e9alis\u00e9 dans le cadre du projet de \u00ab&nbsp;zonage agro\u00e9cologique de la r\u00e9publique de Guin\u00e9e&nbsp;\u00bb (ZAEG). Financ\u00e9 par l\u2019Agence Fran\u00e7aise de D\u00e9veloppement (AFD), pilot\u00e9 par le Minist\u00e8re de l\u2019Agriculture guin\u00e9en et r\u00e9alis\u00e9 par le groupement ING FI \/ Cirad, le projet ZAEG avait pour objectif d\u2019identifier et [&hellip;]<\/p>\n","protected":false},"author":2,"featured_media":0,"parent":0,"menu_order":0,"comment_status":"closed","ping_status":"closed","template":"page-templates\/homepage.php","meta":{"footnotes":""},"class_list":["post-5","page","type-page","status-publish","hentry"],"_links":{"self":[{"href":"https:\/\/zaeg.teledetection.fr\/index.php?rest_route=\/wp\/v2\/pages\/5","targetHints":{"allow":["GET"]}}],"collection":[{"href":"https:\/\/zaeg.teledetection.fr\/index.php?rest_route=\/wp\/v2\/pages"}],"about":[{"href":"https:\/\/zaeg.teledetection.fr\/index.php?rest_route=\/wp\/v2\/types\/page"}],"author":[{"embeddable":true,"href":"https:\/\/zaeg.teledetection.fr\/index.php?rest_route=\/wp\/v2\/users\/2"}],"replies":[{"embeddable":true,"href":"https:\/\/zaeg.teledetection.fr\/index.php?rest_route=%2Fwp%2Fv2%2Fcomments&post=5"}],"version-history":[{"count":20,"href":"https:\/\/zaeg.teledetection.fr\/index.php?rest_route=\/wp\/v2\/pages\/5\/revisions"}],"predecessor-version":[{"id":6191,"href":"https:\/\/zaeg.teledetection.fr\/index.php?rest_route=\/wp\/v2\/pages\/5\/revisions\/6191"}],"wp:attachment":[{"href":"https:\/\/zaeg.teledetection.fr\/index.php?rest_route=%2Fwp%2Fv2%2Fmedia&parent=5"}],"curies":[{"name":"wp","href":"https:\/\/api.w.org\/{rel}","templated":true}]}}