{"id":2327,"date":"2022-10-26T10:39:18","date_gmt":"2022-10-26T08:39:18","guid":{"rendered":"https:\/\/atlas-guinee-conakry.teledetection.fr\/?page_id=2327"},"modified":"2023-04-20T12:56:54","modified_gmt":"2023-04-20T10:56:54","slug":"projet-zaeg","status":"publish","type":"page","link":"https:\/\/zaeg.teledetection.fr\/?page_id=2327","title":{"rendered":"Pr\u00e9sentation"},"content":{"rendered":"<div data-colibri-id=\"2327-c1\" class=\"style-1448 style-local-2327-c1 position-relative\">\r\n  <!---->\r\n  <div data-colibri-component=\"section\" data-colibri-id=\"2327-c2\" id=\"content\" class=\"h-section h-section-global-spacing d-flex align-items-lg-center align-items-md-center align-items-center style-1449 style-local-2327-c2 position-relative\">\r\n    <!---->\r\n    <!---->\r\n    <div class=\"h-section-grid-container h-section-boxed-container\">\r\n      <div data-colibri-id=\"2327-c11\" class=\"h-row-container gutters-row-lg-2 gutters-row-md-2 gutters-row-2 gutters-row-v-lg-2 gutters-row-v-md-2 gutters-row-v-2 style-1453 style-local-2327-c11 position-relative\">\r\n        <!---->\r\n        <div class=\"h-row justify-content-lg-center justify-content-md-center justify-content-center align-items-lg-stretch align-items-md-stretch align-items-stretch gutters-col-lg-2 gutters-col-md-2 gutters-col-2 gutters-col-v-lg-2 gutters-col-v-md-2 gutters-col-v-2\">\r\n          <!---->\r\n          <div class=\"h-column h-column-container d-flex h-col-lg-auto h-col-md-auto h-col-auto style-1454-outer style-local-2327-c12-outer\">\r\n            <div data-colibri-id=\"2327-c12\" class=\"d-flex h-flex-basis h-column__inner h-px-lg-2 h-px-md-2 h-px-0 v-inner-lg-2 v-inner-md-2 v-inner-0 style-1454 style-local-2327-c12 position-relative\">\r\n              <!---->\r\n              <!---->\r\n              <div class=\"w-100 h-y-container h-column__content h-column__v-align flex-basis-100 align-self-lg-start align-self-md-start align-self-start\">\r\n                <!---->\r\n                <div data-colibri-id=\"2327-c13\" class=\"h-global-transition-all h-heading style-1455 style-local-2327-c13 position-relative h-element\">\r\n                  <!---->\r\n                  <div class=\"h-heading__outer style-1455 style-local-2327-c13\">\r\n                    <!---->\r\n                    <!---->\r\n                    <h2 class=\"\">Le projet ZAEG<\/h2>\r\n                  <\/div>\r\n                <\/div>\r\n                <div data-colibri-id=\"2327-c14\" class=\"h-lead h-text h-text-component style-1456 style-local-2327-c14 position-relative h-element\">\r\n                  <!---->\r\n                  <!---->\r\n                  <div class=\"\">\r\n                    <p>Cet atlas a \u00e9t\u00e9 r\u00e9alis\u00e9 dans le cadre du projet de \u00ab&nbsp;zonage agro\u00e9cologique de la r\u00e9publique de Guin\u00e9e&nbsp;\u00bb (ZAEG). Pilot\u00e9 par le Minist\u00e8re de l\u2019Agriculture guin\u00e9en, financ\u00e9 par l\u2019Agence Fran\u00e7aise de D\u00e9veloppement (AFD)&nbsp;et\r\n                      r\u00e9alis\u00e9 par le groupement ING FI \/ Cirad, le projet ZAEG avait pour objectif d\u2019identifier et de quantifier les zones agricoles actuelles (2020), de r\u00e9aliser une cartographie de l\u2019occupation des terres et de sa dynamique sur une p\u00e9riode\r\n                      de 15 ans (2005-2020) et d\u2019\u00e9valuer le potentiel agricole des terres.<\/p>\r\n                  <\/div>\r\n                <\/div>\r\n              <\/div>\r\n            <\/div>\r\n          <\/div>\r\n        <\/div>\r\n      <\/div>\r\n      <div data-colibri-id=\"2327-c3\" class=\"h-row-container gutters-row-lg-2 gutters-row-md-2 gutters-row-2 gutters-row-v-lg-2 gutters-row-v-md-2 gutters-row-v-2 style-1450 style-local-2327-c3 position-relative\">\r\n        <!---->\r\n        <div class=\"h-row justify-content-lg-center justify-content-md-center justify-content-center align-items-lg-stretch align-items-md-stretch align-items-stretch gutters-col-lg-2 gutters-col-md-2 gutters-col-2 gutters-col-v-lg-2 gutters-col-v-md-2 gutters-col-v-2\">\r\n          <!---->\r\n          <div class=\"h-column h-column-container d-flex h-col-lg-auto h-col-md-auto h-col-auto style-1451-outer style-local-2327-c4-outer\">\r\n            <div data-colibri-id=\"2327-c4\" class=\"d-flex h-flex-basis h-column__inner h-px-lg-0 h-px-md-0 h-px-0 v-inner-lg-0 v-inner-md-0 v-inner-0 style-1451 style-local-2327-c4 position-relative\">\r\n              <!---->\r\n              <!---->\r\n              <div class=\"w-100 h-y-container h-column__content h-column__v-align flex-basis-100 align-self-lg-start align-self-md-start align-self-start\">\r\n                <!---->\r\n                <div data-colibri-id=\"2327-c5\" class=\"d-block style-1452 style-local-2327-c5 position-relative h-element\">\r\n                  <!---->\r\n                  <div class=\"h-image__frame-container-outer\">\r\n                    <div class=\"h-image__frame-container\">\r\n                      <!---->\r\n                      <!---->\r\n                      <img loading=\"lazy\" decoding=\"async\" width=\"1563\" height=\"604\" src=\"https:\/\/atlas-guinee-conakry.teledetection.fr\/wp-content\/uploads\/2022\/10\/cropped-projet_zaeg-2-1.png\" class=\"wp-image-1912 style-1452-image style-local-2327-c5-image\" alt=\"\" srcset=\"https:\/\/zaeg.teledetection.fr\/wp-content\/uploads\/2022\/10\/cropped-projet_zaeg-2-1.png 1563w, https:\/\/zaeg.teledetection.fr\/wp-content\/uploads\/2022\/10\/cropped-projet_zaeg-2-1-300x116.png 300w, https:\/\/zaeg.teledetection.fr\/wp-content\/uploads\/2022\/10\/cropped-projet_zaeg-2-1-1024x396.png 1024w, https:\/\/zaeg.teledetection.fr\/wp-content\/uploads\/2022\/10\/cropped-projet_zaeg-2-1-768x297.png 768w, https:\/\/zaeg.teledetection.fr\/wp-content\/uploads\/2022\/10\/cropped-projet_zaeg-2-1-1536x594.png 1536w\" sizes=\"auto, (max-width: 1563px) 100vw, 1563px\" \/>\r\n                      <div class=\"h-image__frame style-1452-frameImage style-local-2327-c5-frameImage\"><\/div>\r\n                    <\/div>\r\n                  <\/div>\r\n                <\/div>\r\n              <\/div>\r\n            <\/div>\r\n          <\/div>\r\n        <\/div>\r\n      <\/div>\r\n      <div data-colibri-id=\"2327-c6\" class=\"h-row-container gutters-row-lg-2 gutters-row-md-2 gutters-row-0 gutters-row-v-lg-2 gutters-row-v-md-2 gutters-row-v-2 style-1477 style-local-2327-c6 position-relative\">\r\n        <!---->\r\n        <div class=\"h-row justify-content-lg-center justify-content-md-center justify-content-center align-items-lg-stretch align-items-md-stretch align-items-stretch gutters-col-lg-2 gutters-col-md-2 gutters-col-0 gutters-col-v-lg-2 gutters-col-v-md-2 gutters-col-v-2\">\r\n          <!---->\r\n          <div class=\"h-column h-column-container d-flex h-col-lg-auto h-col-md-auto h-col-auto style-1478-outer style-local-2327-c7-outer\">\r\n            <div data-colibri-id=\"2327-c7\" class=\"d-flex h-flex-basis h-column__inner h-px-lg-2 h-px-md-2 h-px-2 v-inner-lg-2 v-inner-md-2 v-inner-2 style-1478 style-local-2327-c7 position-relative\">\r\n              <!---->\r\n              <!---->\r\n              <div class=\"w-100 h-y-container h-column__content h-column__v-align flex-basis-100 align-self-lg-start align-self-md-start align-self-start\">\r\n                <!---->\r\n                <div data-colibri-id=\"2327-c8\" class=\"h-text h-text-component style-1482 style-local-2327-c8 position-relative h-element\">\r\n                  <!---->\r\n                  <!---->\r\n                  <div class=\"\">\r\n                    <p>La connaissance de la dynamique de l\u2019occupation des terres, et des zones propices \u00e0 l&rsquo;agriculture sont en effet, deux pr\u00e9alables pour initier et mettre en \u0153uvre des actions de planifications agricole et plus g\u00e9n\u00e9ralement d&rsquo;utilisation\r\n                      des terres n\u00e9cessaires au d\u00e9veloppement du pays.&nbsp;\r\n                      <br>\r\n                    <\/p>\r\n                    <p>Le projet a donn\u00e9 lieux \u00e0 deux grandes activit\u00e9s compl\u00e9mentaires :<\/p>\r\n                    <p>\u2022 Un important travail de cartographie de l&rsquo;occupation des sols de l&rsquo;ensemble du territoire national \u00e0 trois dates&nbsp;: 2005, 215 et 2020, \u00e0 partir d&rsquo;images satellitaires \u00e0 haute et tr\u00e8s haute r\u00e9solution spatiale ((SPOT 4\/5\/6\/7 et\r\n                      Sentinel-2).<\/p>\r\n                    <p>\u2022 Une \u00e9valuation et une cartographie du potentiel de valorisation agricole des terres en fonction de leurs caract\u00e9ristiques p\u00e9dologiques, du relief, du climat et de leurs usages actuels ou futurs.<\/p>\r\n                  <\/div>\r\n                <\/div>\r\n              <\/div>\r\n            <\/div>\r\n          <\/div>\r\n          <div class=\"h-column h-column-container d-flex h-col-lg-auto h-col-md-auto h-col-auto style-1479-outer style-local-2327-c9-outer\">\r\n            <div data-colibri-id=\"2327-c9\" class=\"d-flex h-flex-basis h-column__inner h-px-lg-2 h-px-md-2 h-px-2 v-inner-lg-2 v-inner-md-2 v-inner-2 style-1479 style-local-2327-c9 position-relative\">\r\n              <!---->\r\n              <!---->\r\n              <div class=\"w-100 h-y-container h-column__content h-column__v-align flex-basis-100 align-self-lg-start align-self-md-start align-self-start\">\r\n                <!---->\r\n                <div data-colibri-id=\"2327-c10\" class=\"h-text h-text-component style-1498 style-local-2327-c10 position-relative h-element\">\r\n                  <!---->\r\n                  <!---->\r\n                  <div class=\"\">\r\n                    <p>Ce potentiel de valorisation agricole a \u00e9t\u00e9 \u00e9valu\u00e9 \u00e0 travers deux produits cartographiques :<\/p>\r\n                    <ol>\r\n                      <li>En premier lieu, le zonage agro-\u00e9cologique. Ce dernier d\u00e9finit des zones homog\u00e8nes en termes de relief, de climat et de sols, et donc en termes d&rsquo;aptitude \u00e0 la production agricole<\/li>\r\n                      <li>En second lieu la vocation agricole des terres croisant leur aptitude agronomique avec leur disponibilit\u00e9 pour un usage agricole\r\n                        <br>\r\n                      <\/li>\r\n                    <\/ol>\r\n                    <p>Les cartes et les donn\u00e9es g\u00e9ographiques constitu\u00e9es pour l&rsquo;ensemble de ces travaux repr\u00e9sente une ressource pr\u00e9cieuse pour tous les acteurs du d\u00e9veloppement de la R\u00e9publique de Guin\u00e9e.\r\n                      <br>\r\n                    <\/p>\r\n                    <p>\r\n                      <br>\r\n                    <\/p>\r\n                  <\/div>\r\n                <\/div>\r\n              <\/div>\r\n            <\/div>\r\n          <\/div>\r\n        <\/div>\r\n      <\/div>\r\n    <\/div>\r\n  <\/div>\r\n<\/div>","protected":false},"excerpt":{"rendered":"<p>Le projet ZAEG Cet atlas a \u00e9t\u00e9 r\u00e9alis\u00e9 dans le cadre du projet de \u00ab&nbsp;zonage agro\u00e9cologique de la r\u00e9publique de Guin\u00e9e&nbsp;\u00bb (ZAEG). Pilot\u00e9 par le Minist\u00e8re de l\u2019Agriculture guin\u00e9en, financ\u00e9 par l\u2019Agence Fran\u00e7aise de D\u00e9veloppement (AFD)&nbsp;et r\u00e9alis\u00e9 par le groupement ING FI \/ Cirad, le projet ZAEG avait pour objectif d\u2019identifier et de quantifier les [&hellip;]<\/p>\n","protected":false},"author":2,"featured_media":0,"parent":0,"menu_order":0,"comment_status":"closed","ping_status":"closed","template":"page-templates\/full-width-page.php","meta":{"footnotes":""},"class_list":["post-2327","page","type-page","status-publish","hentry"],"_links":{"self":[{"href":"https:\/\/zaeg.teledetection.fr\/index.php?rest_route=\/wp\/v2\/pages\/2327","targetHints":{"allow":["GET"]}}],"collection":[{"href":"https:\/\/zaeg.teledetection.fr\/index.php?rest_route=\/wp\/v2\/pages"}],"about":[{"href":"https:\/\/zaeg.teledetection.fr\/index.php?rest_route=\/wp\/v2\/types\/page"}],"author":[{"embeddable":true,"href":"https:\/\/zaeg.teledetection.fr\/index.php?rest_route=\/wp\/v2\/users\/2"}],"replies":[{"embeddable":true,"href":"https:\/\/zaeg.teledetection.fr\/index.php?rest_route=%2Fwp%2Fv2%2Fcomments&post=2327"}],"version-history":[{"count":20,"href":"https:\/\/zaeg.teledetection.fr\/index.php?rest_route=\/wp\/v2\/pages\/2327\/revisions"}],"predecessor-version":[{"id":5853,"href":"https:\/\/zaeg.teledetection.fr\/index.php?rest_route=\/wp\/v2\/pages\/2327\/revisions\/5853"}],"wp:attachment":[{"href":"https:\/\/zaeg.teledetection.fr\/index.php?rest_route=%2Fwp%2Fv2%2Fmedia&parent=2327"}],"curies":[{"name":"wp","href":"https:\/\/api.w.org\/{rel}","templated":true}]}}